{"id":10,"date":"2014-11-18T16:28:48","date_gmt":"2014-11-18T15:28:48","guid":{"rendered":"http:\/\/www.pregun.com\/?page_id=10"},"modified":"2026-04-25T11:31:59","modified_gmt":"2026-04-25T09:31:59","slug":"pandora","status":"publish","type":"page","link":"https:\/\/www.pregun.com\/?page_id=10","title":{"rendered":"Pandora"},"content":{"rendered":"<p><img decoding=\"async\" loading=\"lazy\" class=\"alignnone size-full wp-image-76\" src=\"http:\/\/www.pregun.com\/wp-content\/uploads\/10\/Pandora.png\" alt=\"Pandora\" width=\"992\" height=\"708\" \/><\/p>\n<p>Program Pandora namjenjen je za izradu dokumenata i vo\u0111enju poslovnih knjiga obrtnika. Pomo\u0107u programa mogu\u0107e je:<\/p>\n<ul>\n<li>Naru\u010divanje robe;<\/li>\n<li>Kalkulacije cijena;<\/li>\n<li>Povrat robe dobavlja\u010du;<\/li>\n<li>Izrada ponude, ra\u010duna, predra\u010duna i izdatnica;<\/li>\n<li>Promjena cijene;<\/li>\n<li>Promjena koli\u010dine zbog otpisa, otu\u0111ivanja, &#8230;;<\/li>\n<li>Vo\u0111enje skladi\u0161nih kartica.<\/li>\n<\/ul>\n<p><!--more--><\/p>\n<p>Obradom navedenih dokumenata podaci se mogu automatski ili polu-automatski prenijeti u slijede\u0107e poslovne knjige:<\/p>\n<ul>\n<li>Knjiga popisa o nabavi i prodaji robe;<\/li>\n<li>Knjiga ulaznih ra\u010duna;<\/li>\n<li>Knjiga izlaznih ra\u010duna;<\/li>\n<li>Knjiga primitaka i izdataka;<\/li>\n<li>Knjiga prometa;<\/li>\n<li>Kartice kupaca i dobavlja\u010da.<\/li>\n<\/ul>\n<h1>POS modul<\/h1>\n<p>POS modul (uklju\u010duju\u0107i i modul za fiskalizaciju) se standardno isporu\u010duje kao dio programa Pandora. Odvojenost ovog modula od glavnog programa omogu\u0107ava instalaciju programa na vi\u0161e ra\u010dunala uz mogu\u0107nost kori\u0161tenje zajedni\u010dke baze podataka (npr. instalacija glavnog programa samo na\u00a0jednom ra\u010dunalu na kojem se vodi kompletno knjigovodstvo i instalacija POS modula na ostalim ra\u010dunalima na kojima se vr\u0161i prodaja robe i izdavanje ra\u010duna).<\/p>\n<p><img decoding=\"async\" loading=\"lazy\" class=\"alignnone size-full wp-image-229\" src=\"http:\/\/www.pregun.com\/wp-content\/uploads\/10\/Pandora_POS.png\" alt=\"Pandora_POS\" width=\"808\" height=\"600\" \/><\/p>\n<p>Za pitanja o cijeni i registraciji pojedinih modula po\u0161aljite <a title=\"Kontakt\" href=\"http:\/\/www.pregun.com\/?page_id=18\">upit<\/a>.<\/p>\n","protected":false},"excerpt":{"rendered":"<p>Program Pandora namjenjen je za izradu dokumenata i vo\u0111enju poslovnih knjiga obrtnika. Pomo\u0107u programa mogu\u0107e je: Naru\u010divanje robe; Kalkulacije cijena; Povrat robe dobavlja\u010du; Izrada ponude, ra\u010duna, predra\u010duna i izdatnica; Promjena cijene; Promjena koli\u010dine zbog otpisa, otu\u0111ivanja, &#8230;; Vo\u0111enje skladi\u0161nih kartica.<\/p>\n","protected":false},"author":1,"featured_media":0,"parent":0,"menu_order":0,"comment_status":"closed","ping_status":"closed","template":"","meta":[],"_links":{"self":[{"href":"https:\/\/www.pregun.com\/index.php?rest_route=\/wp\/v2\/pages\/10"}],"collection":[{"href":"https:\/\/www.pregun.com\/index.php?rest_route=\/wp\/v2\/pages"}],"about":[{"href":"https:\/\/www.pregun.com\/index.php?rest_route=\/wp\/v2\/types\/page"}],"author":[{"embeddable":true,"href":"https:\/\/www.pregun.com\/index.php?rest_route=\/wp\/v2\/users\/1"}],"replies":[{"embeddable":true,"href":"https:\/\/www.pregun.com\/index.php?rest_route=%2Fwp%2Fv2%2Fcomments&post=10"}],"version-history":[{"count":0,"href":"https:\/\/www.pregun.com\/index.php?rest_route=\/wp\/v2\/pages\/10\/revisions"}],"wp:attachment":[{"href":"https:\/\/www.pregun.com\/index.php?rest_route=%2Fwp%2Fv2%2Fmedia&parent=10"}],"curies":[{"name":"wp","href":"https:\/\/api.w.org\/{rel}","templated":true}]}}