{"id":12,"date":"2014-11-18T16:29:37","date_gmt":"2014-11-18T15:29:37","guid":{"rendered":"http:\/\/www.pregun.com\/?page_id=12"},"modified":"2025-04-28T10:43:57","modified_gmt":"2025-04-28T08:43:57","slug":"mscan","status":"publish","type":"page","link":"https:\/\/www.pregun.com\/?page_id=12","title":{"rendered":"U\u010dimo slu\u0161ati &#8211; Govor"},"content":{"rendered":"<p>Ovo je nadgradnja ve\u0107 poznatog programa U\u010cIMO SLU\u0160ATI koji se koristi u poticanju slu\u0161ne percepcije i vizualnog prepoznavanja. Program poma\u017ee pri uvje\u017ebavanju slu\u0161nog i vizualnog prepoznavanja govora i teksta. Dijete \u010duje izgovorene rije\u010di ili re\u010denice a na zaslonu ra\u010dunala ili tableta ponu\u0111en je niz od 4, 6 ili 9 odgovora u obliku napisanih rije\u010di ili re\u010denica. Dijete treba odabrati ispravan odgovor.<\/p>\n<p>Program je namijenjen za poticanje i razvoj slu\u0161anja i sposobnosti \u010ditanja a pogodan je za djecu srednjeg ili kasnog pred\u0161kolskog razdoblja kao i za djecu ni\u017eih razreda \u0161kole. Mo\u017ee se koristiti kod djece urednog razvoja a osobito kod djece s razvojnim, ste\u010denim ili specifi\u010dnim jezi\u010dnim poreme\u0107ajima, te\u0161ko\u0107ama u\u010denja, pote\u0161ko\u0107ama slu\u0161nog procesiranja ili sluha.<\/p>\n<p>Program je osobito pogodan kod:<\/p>\n<ul>\n<li>Disleksije;<\/li>\n<li>Vizualne disgrafije;<\/li>\n<li>Poreme\u0107aja slu\u0161nog procesiranja;<\/li>\n<li>Artikulacijskih poreme\u0107aja;<\/li>\n<li>Razvoja fonolo\u0161ke svjesnosti;<\/li>\n<li>Fonolo\u0161kih poreme\u0107aja.<\/li>\n<\/ul>\n<p><img decoding=\"async\" loading=\"lazy\" class=\"alignnone size-full wp-image-574\" src=\"http:\/\/www.pregun.com\/wp-content\/uploads\/12\/USG_001.png\" alt=\"\" width=\"400\" height=\"301\" \/><\/p>\n<p>Program je namijenjen djeci sa ili bez pote\u0161ko\u0107a, dobi od 4\/5 godina na vi\u0161e. Program se mo\u017ee prilagoditi za rad na tabletu ili ra\u010dunalu s ekranom na dodir ili s kori\u0161tenjem mi\u0161a.<\/p>\n<p>Program sadr\u017ei 270 razli\u010ditih zvukova (187 rije\u010di i 83 re\u010denice) te niz opcija i razina slo\u017eenosti koje omogu\u0107avaju pra\u0107enje i evaluaciju terapije. Program \u2018U\u010dimo slu\u0161ati \u2013 Govor\u2019 omogu\u0107ava:<\/p>\n<ul>\n<li>Izradu vje\u017ebi prema slu\u010dajnom izboru ili prema zadanim kriterijima;<\/li>\n<li>Vo\u0111enje evidencije o korisnicima vje\u017ebi;<\/li>\n<li>Vo\u0111enje evidencije o vje\u017ebama korisnika;<\/li>\n<li>Procjenu uspje\u0161nosti pojedine vje\u017ebe;<\/li>\n<li>Izradu izvje\u0161taja, nalaza ili mi\u0161ljenja nakon izvedene vje\u017ebe;<\/li>\n<li>Evaluaciju (uspje\u0161nost) terapije i grafi\u010dki prikaz prema vrsti poreme\u0107aja;<\/li>\n<li>Pode\u0161avanje baze zvukova potrebnih za izradu vje\u017ebi;<\/li>\n<li>Program radi u svim Windows su\u010deljima (vrijedi i za tablete). Za program je po\u017eeljno\u00a0 uz PC imati i malo bolje zvu\u010dnike.<\/li>\n<\/ul>\n<p><img decoding=\"async\" loading=\"lazy\" class=\"alignnone size-full wp-image-575\" src=\"http:\/\/www.pregun.com\/wp-content\/uploads\/12\/USG_002.png\" alt=\"\" width=\"400\" height=\"301\" \/><\/p>\n<p>Autori programa su:<\/p>\n<p>Zlatko Pregun: izrada ra\u010dunalnog programa<br \/>\nMladen He\u0111ever: ideja i obrada zvuka<\/p>\n<p>Potpuno funkcionalna DEMO verzija programa U\u010cIMO SLU\u0160ATI \u2013 GOVOR mo\u017ee se preuzeti na\u00a0<a href=\"http:\/\/www.pregun.com\/wp-content\/plugins\/download-attachments\/includes\/download.php?id=588\">poveznici<\/a><\/p>\n<p>Kako kupiti program:<\/p>\n<ol>\n<li>Preuzmite program sa <a href=\"http:\/\/www.pregun.com\/wp-content\/plugins\/download-attachments\/includes\/download.php?id=588\">poveznice<\/a>,<\/li>\n<li>Instalirajte ga na va\u0161e ra\u010dunalo,<\/li>\n<li>Mo\u017eete ga koristiti i isprobati tijekom narednih 30 dana,<\/li>\n<li>Za kupnju programa zatra\u017eite ponudu\/predra\u010dun<br \/>\n(Tvrtka Tara centar d.o.o., e-mail:\u00a0<a href=\"mailto:mladen.hedjever@gmail.com\">mladen.hedjever@gmail.com<\/a>)<\/li>\n<\/ol>\n<p>Po izvr\u0161enoj uplati dobiti \u0107ete ra\u010dun i licencni kod za aktivaciju programa.<\/p>\n","protected":false},"excerpt":{"rendered":"<p>Ovo je nadgradnja ve\u0107 poznatog programa U\u010cIMO SLU\u0160ATI koji se koristi u poticanju slu\u0161ne percepcije i vizualnog prepoznavanja. Program poma\u017ee pri uvje\u017ebavanju slu\u0161nog i vizualnog prepoznavanja govora i teksta. Dijete \u010duje izgovorene rije\u010di ili re\u010denice a na zaslonu ra\u010dunala ili tableta ponu\u0111en je niz od 4, 6 ili 9 odgovora u obliku napisanih rije\u010di ili &hellip; <\/p>\n<p class=\"link-more\"><a href=\"https:\/\/www.pregun.com\/?page_id=12\" class=\"more-link\">Continue reading<span class=\"screen-reader-text\"> &#8220;U\u010dimo slu\u0161ati &#8211; Govor&#8221;<\/span><\/a><\/p>\n","protected":false},"author":1,"featured_media":0,"parent":0,"menu_order":0,"comment_status":"closed","ping_status":"closed","template":"","meta":[],"_links":{"self":[{"href":"https:\/\/www.pregun.com\/index.php?rest_route=\/wp\/v2\/pages\/12"}],"collection":[{"href":"https:\/\/www.pregun.com\/index.php?rest_route=\/wp\/v2\/pages"}],"about":[{"href":"https:\/\/www.pregun.com\/index.php?rest_route=\/wp\/v2\/types\/page"}],"author":[{"embeddable":true,"href":"https:\/\/www.pregun.com\/index.php?rest_route=\/wp\/v2\/users\/1"}],"replies":[{"embeddable":true,"href":"https:\/\/www.pregun.com\/index.php?rest_route=%2Fwp%2Fv2%2Fcomments&post=12"}],"version-history":[{"count":0,"href":"https:\/\/www.pregun.com\/index.php?rest_route=\/wp\/v2\/pages\/12\/revisions"}],"wp:attachment":[{"href":"https:\/\/www.pregun.com\/index.php?rest_route=%2Fwp%2Fv2%2Fmedia&parent=12"}],"curies":[{"name":"wp","href":"https:\/\/api.w.org\/{rel}","templated":true}]}}